{"id":8039,"date":"2017-03-30T13:35:53","date_gmt":"2017-03-30T11:35:53","guid":{"rendered":"https:\/\/www.pomurske-mlekarne.si\/pasterizirano-mleko\/"},"modified":"2025-11-10T11:43:57","modified_gmt":"2025-11-10T10:43:57","slug":"pasteurised-milk","status":"publish","type":"page","link":"https:\/\/www.pomurske-mlekarne.si\/en\/pasteurised-milk\/","title":{"rendered":"Pasteurised milk"},"content":{"rendered":"<p><img decoding=\"async\" src=\"https:\/\/www.pomurske-mlekarne.si\/wp-content\/uploads\/pomurske-mlekarne-pasterizirano-mleko-transp.png\" alt=\"Pasteurised milk\" title=\"\"><\/p>\n<h1>Pasteurised milk<\/h1>\n<p>Pasteurised milk is obtained using the pasteurisation process. In this process, the milk is heat-treated at temperatures between 65 \u00b0C and 85 \u00b0C. The time required for pasteurisation varies. Pasteurisation kills all pathogenic microorganisms and most harmful organisms.<\/p>\n<p>Ingredients: Milk with 1.5% m. f., milk with 3.5% m. f.<\/p>\n<p>Nutritional value per 100 g:<\/p>\n<p>\u00a0<br \/>\n1.5 % m. f.<br \/>\n3.5 % m. f.<\/p>\n<p>Energy value<br \/>\n190 kJ\/45 kcal<br \/>\n267 kJ\/64 kcal<\/p>\n<p>Fat<br \/>\n1.5 g<br \/>\n3.5 g<\/p>\n<p>Of which saturated fat<br \/>\n0.9 g<br \/>\n2.4 g<\/p>\n<p>Carbohydrates<br \/>\n4.6 g<br \/>\n4.8 g<\/p>\n<p>Of which sugars<br \/>\n4.6 g<br \/>\n4.8 g<\/p>\n<p>Protein<br \/>\n3.4 g<br \/>\n3.4 g<\/p>\n<p>Salt<br \/>\n0.1 g<br \/>\n0.1 g<\/p>\n<p>Code<br \/>\n1.5 % m. f. &#8211; 3831040001088<br \/>\n3.5 % m. f. &#8211; 3831040001071<br \/>\nPackaging<br \/>\n10 L &#8211; 1 pc<\/p>\n<h2>Bi danes skuhali kaj odli\u010dnega?<\/h2>\n<p>Nekaj na\u0161ih okusnih receptov pripravljenih iz izdelkov Pomurskih mlekarn<\/p>\n<h3>Pasteurised milk<\/h3>\n<p><p><img decoding=\"async\" src=\"https:\/\/www.pomurske-mlekarne.si\/wp-content\/uploads\/pomurske-mlekarne-pasterizirano-mleko-transp.png\" alt=\"Pasteurised milk\" title=\"\"><\/p>\n<h1>Pasteurised milk<\/h1>\n<p>Pasteurised milk is obtained using the pasteurisation process. In this process, the milk is heat-treated at temperatures between 65 \u00b0C and 85 \u00b0C. The time required for pasteurisation varies. Pasteurisation kills all pathogenic microorganisms and most harmful organisms.<\/p>\n<p>Ingredients: Milk with 1.5% m. f., milk with 3.5% m. f.<\/p>\n<p>Nutritional value per 100 g:<\/p>\n<p>\u00a0<br \/>\n1,5 % m. f.<br \/>\n3,5 % m. f.<\/p>\n<p>Energy value<br \/>\n190 kJ\/45 kcal<br \/>\n267 kJ\/64 kcal<\/p>\n<p>Fat<br \/>\n1,5 g<br \/>\n3,5 g<\/p>\n<p>Of which saturated fat<br \/>\n0,9 g<br \/>\n2,4 g<\/p>\n<p>Carbohydrates<br \/>\n4,6 g<br \/>\n4,8 g<\/p>\n<p>Of which sugars<br \/>\n4,6 g<br \/>\n4,8 g<\/p>\n<p>Protein<br \/>\n3,4 g<br \/>\n3,4 g<\/p>\n<p>Salt<br \/>\n0,1 g<br \/>\n0,1 g<\/p>\n<p>Code<br \/>\n1,5 % m. f. &#8211; 3831040001088<br \/>\n3,5 % m. f. &#8211; 3831040001071<br \/>\nPackaging<br \/>\n10 L &#8211; 1 pc<\/p>\n<h2>Bi danes skuhali kaj odli\u010dnega?<\/h2>\n<p>Nekaj na\u0161ih okusnih receptov pripravljenih iz izdelkov Pomurskih mlekarn<\/p>\n<h3>Pasteurised milk<\/h3>\n<p><p><img decoding=\"async\" src=\"https:\/\/www.pomurske-mlekarne.si\/wp-content\/uploads\/pomurske-mlekarne-pasterizirano-mleko-transp.png\" alt=\"Pasterizirano mleko\" title=\"\"><\/p>\n<h1>Pasterizirano mleko<\/h1>\n<p>Pasterizirano mleko dobimo pri postopku pasterizacije. Pri pasterizaciji se mleko toplotno obdela pri temperaturi od 65 \u00b0C do 85 \u00b0C. Pasterizacija poteka razli\u010dno dolgo. Pri pasterizaciji se uni\u010dijo vsi patogeni mikroorganizmi in ve\u010dina \u0161kodljivih organizmov.<\/p>\n<p>Sestavine: mleko z 1,5 % mle\u010dne ma\u0161\u010dobe, mleko s 3,5 % mle\u010dne ma\u0161\u010dobe<\/p>\n<p>Povpre\u010dna hranilna vrednost na 100 g izdelka:<\/p>\n<p>\u00a0<br \/>\n1,5 % m.m.<br \/>\n3,5 % m.m.<\/p>\n<p>Energijska vrednost<br \/>\n190 kJ\/45 kcal<br \/>\n267 kJ\/64 kcal<\/p>\n<p>Ma\u0161\u010dobe<br \/>\n1,5 g<br \/>\n3,5 g<\/p>\n<p>Od tega nasi\u010dene ma\u0161\u010dobe<br \/>\n0,9 g<br \/>\n2,4 g<\/p>\n<p>Ogljikovi hidrati<br \/>\n4,6 g<br \/>\n4,8 g<\/p>\n<p>Od tega sladkorji<br \/>\n4,6 g<br \/>\n4,8 g<\/p>\n<p>Beljakovine<br \/>\n3,4 g<br \/>\n3,4 g<\/p>\n<p>Sol<br \/>\n0,1 g<br \/>\n0,1 g<\/p>\n<p>Koda<br \/>\n1,5 % m.m. &#8211; 3831040001088<br \/>\n3,5 % m.m. &#8211; 3831040001071<br \/>\nPakiranje<br \/>\n10 L &#8211; 1 kom<\/p>\n<h2>Bi danes skuhali kaj odli\u010dnega?<\/h2>\n<p>Nekaj na\u0161ih okusnih receptov pripravljenih iz izdelkov Pomurskih mlekarn<\/p>\n<h3>Makaroni s sirom<\/h3>\n<p><p>Sestavine recepta:<\/p>\n<p>Makaroni, <a title=\"surovo maslo\" href=\"https:\/\/www.pomurske-mlekarne.si\/en\/slovenian-raw-butter\/\" target=\"_blank\">surovo maslo<\/a>, drobtine panko, moka, <a title=\"Pomursko mlejko\" href=\"https:\/\/www.pomurske-mlekarne.si\/en\/milk-pomursko-mlejko-3-5\/\" target=\"_blank\">Pomursko mlejko<\/a>, <a title=\"poltri sir Livada\" href=\"https:\/\/www.pomurske-mlekarne.si\/en\/livada-cheese\/\" target=\"_blank\">poltri sir Livada<\/a>, \u010desen v prahu, sol, peter\u0161ilj.<\/p>\n<\/p>\n<p><a href=\"https:\/\/www.pomurske-mlekarne.si\/recepti-glavne-jedi\/#makaroni-s-sirom\" title=\"\">Celoten recept<\/a><\/p>\n<\/p>\n<p><a href=\"\" title=\"\"><\/a><\/p>\n<\/p>\n<p><a href=\"\" title=\"\"><\/a><\/p>\n","protected":false},"excerpt":{"rendered":"<p>Pasteurised milk is obtained using the pasteurisation process. In this process, the milk is heat-treated at temperatures between 65 \u00b0C and 85 \u00b0C. <\/p>\n","protected":false},"author":10,"featured_media":7343,"parent":0,"menu_order":0,"comment_status":"closed","ping_status":"closed","template":"","meta":{"footnotes":""},"class_list":["post-8039","page","type-page","status-publish","has-post-thumbnail","hentry"],"_links":{"self":[{"href":"https:\/\/www.pomurske-mlekarne.si\/en\/wp-json\/wp\/v2\/pages\/8039","targetHints":{"allow":["GET"]}}],"collection":[{"href":"https:\/\/www.pomurske-mlekarne.si\/en\/wp-json\/wp\/v2\/pages"}],"about":[{"href":"https:\/\/www.pomurske-mlekarne.si\/en\/wp-json\/wp\/v2\/types\/page"}],"author":[{"embeddable":true,"href":"https:\/\/www.pomurske-mlekarne.si\/en\/wp-json\/wp\/v2\/users\/10"}],"replies":[{"embeddable":true,"href":"https:\/\/www.pomurske-mlekarne.si\/en\/wp-json\/wp\/v2\/comments?post=8039"}],"version-history":[{"count":1,"href":"https:\/\/www.pomurske-mlekarne.si\/en\/wp-json\/wp\/v2\/pages\/8039\/revisions"}],"predecessor-version":[{"id":8418,"href":"https:\/\/www.pomurske-mlekarne.si\/en\/wp-json\/wp\/v2\/pages\/8039\/revisions\/8418"}],"wp:featuredmedia":[{"embeddable":true,"href":"https:\/\/www.pomurske-mlekarne.si\/en\/wp-json\/wp\/v2\/media\/7343"}],"wp:attachment":[{"href":"https:\/\/www.pomurske-mlekarne.si\/en\/wp-json\/wp\/v2\/media?parent=8039"}],"curies":[{"name":"wp","href":"https:\/\/api.w.org\/{rel}","templated":true}]}}